{"id":886,"date":"2019-08-07T15:20:30","date_gmt":"2019-08-07T13:20:30","guid":{"rendered":"http:\/\/bezpiecznapolka.pl\/?page_id=886"},"modified":"2019-08-10T22:07:40","modified_gmt":"2019-08-10T20:07:40","slug":"polityka-prywatnosci","status":"publish","type":"page","link":"https:\/\/bezpiecznapolka.pl\/?page_id=886","title":{"rendered":"Polityka Prywatno\u015bci"},"content":{"rendered":"\t\t<div data-elementor-type=\"wp-page\" data-elementor-id=\"886\" class=\"elementor elementor-886\">\n\t\t\t\t\t\t<section class=\"elementor-section elementor-top-section elementor-element elementor-element-32501e88 elementor-section-boxed elementor-section-height-default elementor-section-height-default\" data-id=\"32501e88\" data-element_type=\"section\">\n\t\t\t\t\t\t<div class=\"elementor-container elementor-column-gap-default\">\n\t\t\t\t\t<div class=\"elementor-column elementor-col-100 elementor-top-column elementor-element elementor-element-28fd5f12\" data-id=\"28fd5f12\" data-element_type=\"column\">\n\t\t\t<div class=\"elementor-widget-wrap elementor-element-populated\">\n\t\t\t\t\t\t<div class=\"elementor-element elementor-element-500643ad elementor-widget elementor-widget-text-editor\" data-id=\"500643ad\" data-element_type=\"widget\" data-widget_type=\"text-editor.default\">\n\t\t\t\t<div class=\"elementor-widget-container\">\n\t\t\t\t\t\t\t\t\t\n<ol>\n<li>Podanie danych osobowych, a tak\u017ce zgoda na ich przes\u0142anie s\u0105 dobrowolne. Wszelkie przekazane dane osobowe s\u0105 przetwarzane wy\u0142\u0105cznie w zakresie i celu, na jaki U\u017cytkownik wyrazi\u0142 zgod\u0119 \u2013 na zasadach opisanych w ustawa z dnia 29 sierpnia 1997 r. o ochronie danych osobowych ( Dz.U. 2002 Nr 101 poz. 926 ze zm.). W przypadku, gdy U\u017cytkownik nie poda niezb\u0119dnych do realizacji zam\u00f3wienia danych i nie wyrazi zgody na ich przetwarzanie, zrealizowanie zam\u00f3wienia nie b\u0119dzie mo\u017cliwe.<\/li>\n<li>Administrator zapewnia bezpiecze\u0144stwo przekazanych danych oraz realizacj\u0119 uprawnie\u0144 U\u017cytkownik\u00f3w, wynikaj\u0105cych z ustawy o ochronie danych osobowych. U\u017cytkownik ma prawo dost\u0119pu do tre\u015bci w\u0142asnych danych osobowych, ich poprawiania lub ca\u0142kowitego usuni\u0119cia swoich danych osobowych \u2013 w tym celu nale\u017cy wys\u0142a\u0107 e-maila z okre\u015bleniem \u017c\u0105dania wprowadzenia zmian lub wykre\u015blenia danych z ewidencji. Administrator mo\u017ce odm\u00f3wi\u0107 usuni\u0119cia danych U\u017cytkownika wy\u0142\u0105cznie w przypadkach wskazanych przez obowi\u0105zuj\u0105ce przepisy, w szczeg\u00f3lno\u015bci je\u017celi U\u017cytkownik nie uregulowa\u0142 wszystkich nale\u017cno\u015bci wobec Administratora.<\/li>\n<li>Dane osobowe U\u017cytkownik\u00f3w, przetwarzane s\u0105 w celu nawi\u0105zania, ukszta\u0142towania, zawarcia, zmiany lub rozwi\u0105zania Umowy pomi\u0119dzy Us\u0142ugodawc\u0105 i Klientem, zrealizowania Umowy sprzeda\u017cy oraz ewidencji szkolenia.<\/li>\n<li>U\u017cytkownik mo\u017ce otrzymywa\u0107 informacje marketingowe i handlowe (w formie \u201enewsletter\u201d), je\u015bli wyrazi na to zgod\u0119. U\u017cytkownik mo\u017ce w ka\u017cdej chwili zrezygnowa\u0107 z otrzymywania informacji handlowych.<\/li>\n<li>Zapewniamy, \u017ce nasza firma przestrzega polityki bezpiecze\u0144stwa danych osobowych. Dane osobowe s\u0105 u nas bezpieczne i dok\u0142adamy wszelkich stara\u0144, aby poziom ten systematycznie by\u0142 coraz wy\u017cszy.<\/li>\n<li>Dane osobowe U\u017cytkownik\u00f3w mog\u0105 by\u0107 przekazywane podmiotom trzecim tylko za zgod\u0105 U\u017cytkownika w przypadkach opisanych w Regulaminie, w szczeg\u00f3lno\u015bci:\n<ol>\n<li>W przypadku wyboru sposobu p\u0142atno\u015bci on-line dane klienta s\u0105 przetwarzane przez administratora systemu p\u0142atno\u015bci w celu przeprowadzenia transakcji;<\/li>\n<li>Celem dor\u0119czenia przesy\u0142ek dane osobowe s\u0105 udost\u0119pniane firmie kurierskiej w celu dor\u0119czenia przesy\u0142ki. Dla zrealizowania obs\u0142ugi zlecenia konieczne jest podanie nast\u0119puj\u0105cych danych osobowych Klienta:\n<ul>\n<li>nazwisko i imi\u0119;<\/li>\n<li>adres do wysy\u0142ki produkt\u00f3w;<\/li>\n<li>adres e-mail;<\/li>\n<li>numer telefonu kontaktowego;<\/li>\n<\/ul>\n<\/li>\n<\/ol>\n<\/li>\n<\/ol>\n\n<h3 class=\"wp-block-heading\">POLITYKA DOTYCZ\u0104CA WYKORZYSTANIA COOKIES<\/h3>\n\n<p>Niniejsza Polityka okre\u015bla zasady przechowywania i dost\u0119pu do informacji na urz\u0105dzeniach U\u017cytkownika za pomoc\u0105 plik\u00f3w Cookies, s\u0142u\u017c\u0105cych realizacji us\u0142ug \u015bwiadczonych drog\u0105 elektroniczn\u0105 \u017c\u0105danych przez U\u017cytkownika, przez Excalibur z siedzib\u0105 w Kie\u0142pinie.<\/p>\n\n<h3 class=\"wp-block-heading\">I. DEFINICJE<\/h3>\n\n<ol>\n<li><strong>Administrator<\/strong>\u00a0\u2013 oznacza Excalibur z siedzib\u0105 w Kie\u0142pinie (83-307) ul. Urocza 31, wpisan\u0105 do Centralnej Ewidencji Dzia\u0142alno\u015bci i Informacji Gospodarczej, numer ewidencji podatkowej PL7451220701, kt\u00f3ra \u015bwiadczy us\u0142ugi drog\u0105 elektroniczn\u0105 oraz przechowuje i uzyskuje dost\u0119p do informacji w urz\u0105dzeniach U\u017cytkownika.<\/li>\n<li><strong>Cookies<\/strong>\u00a0\u2013 oznacza dane informatyczne, w szczeg\u00f3lno\u015bci niewielkie pliki tekstowe, zapisywane i przechowywane na urz\u0105dzeniach za po\u015brednictwem kt\u00f3rych U\u017cytkownik korzysta ze stron internetowych Serwisu.<\/li>\n<li><strong>Cookies W\u0142asne<\/strong>\u00a0\u2013 oznacza Cookies zamieszczane przez Administratora, zwi\u0105zane ze \u015bwiadczeniem us\u0142ug droga elektroniczn\u0105 przez Administratora za po\u015brednictwem Serwisu.<\/li>\n<li><strong>Cookies Zewn\u0119trzne<\/strong>\u00a0\u2013 oznacza Cookies zamieszczane przez partner\u00f3w Administratora, za po\u015brednictwem strony internetowej Serwisu.<\/li>\n<li><strong>Serwis<\/strong>\u00a0\u2013 oznacza stron\u0119 internetow\u0105 lub aplikacj\u0119, pod kt\u00f3r\u0105 Administrator prowadzi serwis internetowy, dzia\u0142aj\u0105c\u0105(y) w domenie(ach) kravmaga.gda.pl,<\/li>\n<li><strong>Urz\u0105dzenie<\/strong>\u00a0\u2013 oznacza elektroniczne urz\u0105dzenie za po\u015brednictwem, kt\u00f3rego U\u017cytkownik uzyskuje dost\u0119p do Serwisu.<\/li>\n<li><strong>U\u017cytkownik<\/strong>\u00a0\u2013 oznacza podmiot, na rzecz kt\u00f3rego zgodnie z Regulaminem i przepisami prawa mog\u0105 by\u0107 \u015bwiadczone us\u0142ugi drog\u0105 elektroniczn\u0105 lub z kt\u00f3rym zawarta mo\u017ce by\u0107 Umowa o \u015bwiadczenie us\u0142ug drog\u0105 elektroniczn\u0105.<\/li>\n<\/ol>\n\n<h3 class=\"wp-block-heading\">II. RODZAJE WYKORZYSTYWANYCH COOKIES<\/h3>\n\n<ol>\n<li>Stosowane przez Administratora Cookies s\u0105 bezpieczne dla Urz\u0105dzenia U\u017cytkownika. W szczeg\u00f3lno\u015bci t\u0105 drog\u0105 nie jest mo\u017cliwe przedostanie si\u0119 do Urz\u0105dze\u0144 U\u017cytkownik\u00f3w wirus\u00f3w lub innego niechcianego oprogramowania lub oprogramowania z\u0142o\u015bliwego. Pliki te pozwalaj\u0105 zidentyfikowa\u0107 oprogramowanie wykorzystywane przez U\u017cytkownika i dostosowa\u0107 Serwis indywidualnie ka\u017cdemu U\u017cytkownikowi. Cookies zazwyczaj zawieraj\u0105 nazw\u0119 domeny z kt\u00f3rej pochodz\u0105, czas przechowywania ich na Urz\u0105dzeniu oraz przypisan\u0105 warto\u015b\u0107.<\/li>\n<li>Administrator wykorzystuje dwa typy plik\u00f3w cookies:\n<ol>\n<li>Cookies sesyjne: s\u0105 przechowywane na Urz\u0105dzeniu U\u017cytkownika i pozostaj\u0105 tam do momentu zako\u0144czenia sesji danej przegl\u0105darki. Zapisane informacje s\u0105 w\u00f3wczas trwale usuwane z pami\u0119ci Urz\u0105dzenia. Mechanizm cookies sesyjnych nie pozwala na pobieranie jakichkolwiek danych osobowych ani \u017cadnych informacji poufnych z Urz\u0105dzenia U\u017cytkownika.<\/li>\n<li>Cookies trwa\u0142e: s\u0105 przechowywane na Urz\u0105dzeniu U\u017cytkownika i pozostaj\u0105 tam do momentu ich skasowania. Zako\u0144czenie sesji danej przegl\u0105darki lub wy\u0142\u0105czenie Urz\u0105dzenia nie powoduje ich usuni\u0119cia z Urz\u0105dzenia U\u017cytkownika. Mechanizm cookies trwa\u0142ych nie pozwala na pobieranie jakichkolwiek danych osobowych ani \u017cadnych informacji poufnych z Urz\u0105dzenia U\u017cytkownika.<\/li>\n<\/ol>\n<\/li>\n<li>U\u017cytkownik ma mo\u017cliwo\u015b\u0107 ograniczenia lub wy\u0142\u0105czenia dost\u0119pu plik\u00f3w cookies do swojego Urz\u0105dzenia. W przypadku skorzystania z tej opcji korzystanie ze Serwisu b\u0119dzie mo\u017cliwe, poza funkcjami, kt\u00f3re ze swojej natury wymagaj\u0105 plik\u00f3w cookies.<\/li>\n<\/ol>\n\n<h3 class=\"wp-block-heading\">III. CELE W JAKICH WYKORZYSTYWANE S\u0104 COOKIES<\/h3>\n\n<ol>\n<li>Administrator wykorzystuje Cookies W\u0142asne w nast\u0119puj\u0105cych celach:\n<ol>\n<li>Konfiguracji serwisu\n<ul>\n<li>dostosowania zawarto\u015bci stron internetowych Serwisu do preferencji U\u017cytkownika oraz optymalizacji korzystania ze stron internetowych Serwisu;<\/li>\n<li>rozpoznania urz\u0105dzenia U\u017cytkownika Serwisu oraz jego lokalizacj\u0119 i odpowiednio wy\u015bwietlenia strony internetowej, dostosowanej do jego indywidualnych potrzeb;<\/li>\n<li>zapami\u0119tania ustawie\u0144 wybranych przez U\u017cytkownika i personalizacji interfejsu U\u017cytkownika, np. w zakresie wybranego j\u0119zyka lub regionu, z kt\u00f3rego pochodzi U\u017cytkownik;<\/li>\n<li>zapami\u0119tania historii odwiedzonych stron w serwisie w celu rekomendacji tre\u015bci;<\/li>\n<li>rozmiaru czcionki, wygl\u0105du strony internetowej itp.<\/li>\n<\/ul>\n<\/li>\n<li>Uwierzyteniania u\u017cytkownika w serwisie i zapewnienia sesji u\u017cytkownika w serwisie\n<ul>\n<li>utrzymania sesji U\u017cytkownika Serwisu (po zalogowaniu), dzi\u0119ki kt\u00f3rej U\u017cytkownik nie musi na ka\u017cdej podstronie Serwisu ponownie wpisywa\u0107 loginu i has\u0142a;<\/li>\n<li>poprawnej konfiguracji wybranych funkcji Serwisu, umo\u017cliwiaj\u0105c w szczeg\u00f3lno\u015bci weryfikacj\u0119 autentyczno\u015bci sesji przegl\u0105darki;<\/li>\n<li>optymalizacji i zwi\u0119kszenia wydajno\u015bci us\u0142ug \u015bwiadczonych przez Administratora.<\/li>\n<\/ul>\n<\/li>\n<li>Realizacji proces\u00f3w niezb\u0119dnych dla pe\u0142nej funkcjonalno\u015bci stron internetowych\n<ul>\n<li>dostosowania zawarto\u015bci stron internetowych Serwisu do preferencji U\u017cytkownika oraz optymalizacji korzystania ze stron internetowych Serwisu. W szczeg\u00f3lno\u015bci pliki te pozwalaj\u0105 rozpozna\u0107 podstawowe parametry Urz\u0105dzenia U\u017cytkownika i odpowiednio wy\u015bwietli\u0107 stron\u0119 internetow\u0105, dostosowan\u0105 do jego indywidualnych potrzeb;<\/li>\n<li>poprawnej obs\u0142ugi programu partnerskiego, umo\u017cliwiaj\u0105c w szczeg\u00f3lno\u015bci weryfikacj\u0119 \u017ar\u00f3de\u0142 przekierowa\u0144 U\u017cytkownik\u00f3w na strony internetowe Serwisu.<\/li>\n<\/ul>\n<\/li>\n<li>Zapami\u0119tania lokalizacji u\u017cytkownika\n<ul>\n<li>poprawnej konfiguracji wybranych funkcji Serwisu, umo\u017cliwiaj\u0105c w szczeg\u00f3lno\u015bci dostosowanie dostarczanych informacji do U\u017cytkownika z uwzgl\u0119dnieniem jego lokalizacji.<\/li>\n<\/ul>\n<\/li>\n<li>Analiz i bada\u0144 oraz audytu ogl\u0105dalno\u015bci\n<ul>\n<li>tworzenia anonimowych statystyk, kt\u00f3re pomagaj\u0105 zrozumie\u0107, w jaki spos\u00f3b U\u017cytkownicy Serwisu korzystaj\u0105 ze stron internetowych Serwisu, co umo\u017cliwia ulepszanie ich struktury i zawarto\u015bci.<\/li>\n<\/ul>\n<\/li>\n<li>\u015awiadczenia us\u0142ug reklamowych\n<ul>\n<li>dostosowania prezentowanych za po\u015brednictwem Serwisu reklam us\u0142ug i produkt\u00f3w firm trzecich;<\/li>\n<\/ul>\n<\/li>\n<li>Zapewnienia bezpiecze\u0144stwa i niezawodno\u015bci serwisu<\/li>\n<\/ol>\n<\/li>\n<\/ol>\n\n<ol>\n<li>Administrator us\u0142ugi wykorzystuje Cookies Zewn\u0119trzne w nast\u0119puj\u0105cych celach:\n<ol>\n<li>Prezentowania tre\u015bci multimedialnych na stronach internetowych Serwisu, kt\u00f3re s\u0105 pobierane z zewn\u0119trznego serwisu internetowego:\n<ul>\n<li>www.youtube.com [administrator cookies: Google Inc z siedzib\u0105 w USA]<\/li>\n<\/ul>\n<\/li>\n<li>Zbierania og\u00f3lnych i anonimowych danych statycznych za po\u015brednictwem narz\u0119dzi analitycznych:\n<ul>\n<li>Google Analytics [administrator cookies: Google Inc z siedzib\u0105 w USA]<\/li>\n<\/ul>\n<\/li>\n<li>Prezentowania reklam dostosowanych do preferencji U\u017cytkownika z wykorzystaniem narz\u0119dzia internetowej reklamy:\n<ul>\n<li>Google AdSense [administrator cookies: Google Inc z siedzib\u0105 w USA]<\/li>\n<\/ul>\n<\/li>\n<li>Zalogowania do serwisu za pomoc\u0105 konta w innym serwisie:\n<ul>\n<li>Facebook Connect [administrator cookies: Facebook Inc z siedzib\u0105 w USA lub Facebook Ireland z siedzib\u0105 w Irlandii]<\/li>\n<li>Google [administrator cookies: Google Inc z siedzib\u0105 w USA]<\/li>\n<\/ul>\n<\/li>\n<li>Wykorzystania funkcji interaktywnych w celu popularyzacji serwisu za pomoc\u0105 serwis\u00f3w spo\u0142eczno\u015bciowych:\n<ul>\n<li>twitter.com [administrator cookies: Twitter Inc. z siedzib\u0105 w USA]<\/li>\n<li>plus.google.com [administrator cookies: Google Inc z siedzib\u0105 w USA]<\/li>\n<li>Facebook.com [administrator cookies: Facebook Inc z siedzib\u0105 w USA lub Facebook Ireland z siedzib\u0105 w Irlandii]<\/li>\n<\/ul>\n<\/li>\n<\/ol>\nIV. MO\u017bLIWO\u015aCI OKRE\u015aLENIA WARUNK\u00d3W PRZECHOWYWANIA LUB UZYSKIWANIA DOST\u0118PU PRZEZ COOKIES\n<ol>\n<li>U\u017cytkownik mo\u017ce samodzielnie i w ka\u017cdym czasie zmieni\u0107 ustawienia dotycz\u0105ce plik\u00f3w Cookies, okre\u015blaj\u0105c warunki ich przechowywania i uzyskiwania dost\u0119pu przez pliki Cookies do Urz\u0105dzenia U\u017cytkownika. Zmiany ustawie\u0144, o kt\u00f3rych mowa w zdaniu poprzednim, U\u017cytkownik mo\u017ce dokona\u0107 za pomoc\u0105 ustawie\u0144 przegl\u0105darki internetowej lub za pomoc\u0105 konfiguracji us\u0142ugi. Ustawienia te mog\u0105 zosta\u0107 zmienione w szczeg\u00f3lno\u015bci w taki spos\u00f3b, aby blokowa\u0107 automatyczn\u0105 obs\u0142ug\u0119 plik\u00f3w cookies w ustawieniach przegl\u0105darki internetowej b\u0105d\u017a informowa\u0107 o ich ka\u017cdorazowym zamieszczeniu Cookies na urz\u0105dzeniu U\u017cytkownika. Szczeg\u00f3\u0142owe informacje o mo\u017cliwo\u015bci i sposobach obs\u0142ugi plik\u00f3w cookies dost\u0119pne s\u0105 w ustawieniach oprogramowania (przegl\u0105darki internetowej).<\/li>\n<li>U\u017cytkownik mo\u017ce w ka\u017cdej chwili usun\u0105\u0107 pliki Cookies korzystaj\u0105c z dost\u0119pnych funkcji w przegl\u0105darce internetowej, kt\u00f3rej u\u017cywa.<\/li>\n<li>Ograniczenie stosowania plik\u00f3w Cookies, mo\u017ce wp\u0142yn\u0105\u0107 na niekt\u00f3re funkcjonalno\u015bci dost\u0119pne na stronie internetowej Serwisu.<\/li>\n<\/ol>\n<\/li>\n<\/ol>\n\t\t\t\t\t\t\t\t<\/div>\n\t\t\t\t<\/div>\n\t\t\t\t\t<\/div>\n\t\t<\/div>\n\t\t\t\t\t<\/div>\n\t\t<\/section>\n\t\t\t\t<\/div>\n\t\t","protected":false},"excerpt":{"rendered":"<p>Podanie danych osobowych, a tak\u017ce zgoda na ich przes\u0142anie s\u0105 dobrowolne. Wszelkie przekazane dane osobowe s\u0105 przetwarzane wy\u0142\u0105cznie w zakresie i celu, na jaki U\u017cytkownik wyrazi\u0142 zgod\u0119 \u2013 na zasadach opisanych w ustawa z dnia 29 sierpnia 1997 r. o ochronie danych osobowych ( Dz.U. 2002 Nr 101 poz. 926 ze zm.). W przypadku, gdy [&hellip;]<\/p>\n","protected":false},"author":1,"featured_media":0,"parent":0,"menu_order":0,"comment_status":"closed","ping_status":"closed","template":"","meta":{"ocean_post_layout":"full-screen","ocean_both_sidebars_style":"","ocean_both_sidebars_content_width":0,"ocean_both_sidebars_sidebars_width":0,"ocean_sidebar":"0","ocean_second_sidebar":"0","ocean_disable_margins":"enable","ocean_add_body_class":"","ocean_shortcode_before_top_bar":"","ocean_shortcode_after_top_bar":"","ocean_shortcode_before_header":"","ocean_shortcode_after_header":"[smartslider3 slider=8]","ocean_has_shortcode":"","ocean_shortcode_after_title":"","ocean_shortcode_before_footer_widgets":"","ocean_shortcode_after_footer_widgets":"","ocean_shortcode_before_footer_bottom":"","ocean_shortcode_after_footer_bottom":"","ocean_display_top_bar":"default","ocean_display_header":"default","ocean_header_style":"","ocean_center_header_left_menu":"0","ocean_custom_header_template":"0","ocean_custom_logo":0,"ocean_custom_retina_logo":0,"ocean_custom_logo_max_width":0,"ocean_custom_logo_tablet_max_width":0,"ocean_custom_logo_mobile_max_width":0,"ocean_custom_logo_max_height":0,"ocean_custom_logo_tablet_max_height":0,"ocean_custom_logo_mobile_max_height":0,"ocean_header_custom_menu":"0","ocean_menu_typo_font_family":"0","ocean_menu_typo_font_subset":"","ocean_menu_typo_font_size":0,"ocean_menu_typo_font_size_tablet":0,"ocean_menu_typo_font_size_mobile":0,"ocean_menu_typo_font_size_unit":"px","ocean_menu_typo_font_weight":"","ocean_menu_typo_font_weight_tablet":"","ocean_menu_typo_font_weight_mobile":"","ocean_menu_typo_transform":"","ocean_menu_typo_transform_tablet":"","ocean_menu_typo_transform_mobile":"","ocean_menu_typo_line_height":0,"ocean_menu_typo_line_height_tablet":0,"ocean_menu_typo_line_height_mobile":0,"ocean_menu_typo_line_height_unit":"","ocean_menu_typo_spacing":0,"ocean_menu_typo_spacing_tablet":0,"ocean_menu_typo_spacing_mobile":0,"ocean_menu_typo_spacing_unit":"","ocean_menu_link_color":"","ocean_menu_link_color_hover":"","ocean_menu_link_color_active":"","ocean_menu_link_background":"","ocean_menu_link_hover_background":"","ocean_menu_link_active_background":"","ocean_menu_social_links_bg":"","ocean_menu_social_hover_links_bg":"","ocean_menu_social_links_color":"","ocean_menu_social_hover_links_color":"","ocean_disable_title":"default","ocean_disable_heading":"default","ocean_post_title":"","ocean_post_subheading":"","ocean_post_title_style":"","ocean_post_title_background_color":"","ocean_post_title_background":0,"ocean_post_title_bg_image_position":"","ocean_post_title_bg_image_attachment":"","ocean_post_title_bg_image_repeat":"","ocean_post_title_bg_image_size":"","ocean_post_title_height":0,"ocean_post_title_bg_overlay":0.5,"ocean_post_title_bg_overlay_color":"","ocean_disable_breadcrumbs":"default","ocean_breadcrumbs_color":"","ocean_breadcrumbs_separator_color":"","ocean_breadcrumbs_links_color":"","ocean_breadcrumbs_links_hover_color":"","ocean_display_footer_widgets":"default","ocean_display_footer_bottom":"default","ocean_custom_footer_template":"0","footnotes":""},"jetpack_sharing_enabled":true,"_links":{"self":[{"href":"https:\/\/bezpiecznapolka.pl\/index.php?rest_route=\/wp\/v2\/pages\/886"}],"collection":[{"href":"https:\/\/bezpiecznapolka.pl\/index.php?rest_route=\/wp\/v2\/pages"}],"about":[{"href":"https:\/\/bezpiecznapolka.pl\/index.php?rest_route=\/wp\/v2\/types\/page"}],"author":[{"embeddable":true,"href":"https:\/\/bezpiecznapolka.pl\/index.php?rest_route=\/wp\/v2\/users\/1"}],"replies":[{"embeddable":true,"href":"https:\/\/bezpiecznapolka.pl\/index.php?rest_route=%2Fwp%2Fv2%2Fcomments&post=886"}],"version-history":[{"count":3,"href":"https:\/\/bezpiecznapolka.pl\/index.php?rest_route=\/wp\/v2\/pages\/886\/revisions"}],"predecessor-version":[{"id":1041,"href":"https:\/\/bezpiecznapolka.pl\/index.php?rest_route=\/wp\/v2\/pages\/886\/revisions\/1041"}],"wp:attachment":[{"href":"https:\/\/bezpiecznapolka.pl\/index.php?rest_route=%2Fwp%2Fv2%2Fmedia&parent=886"}],"curies":[{"name":"wp","href":"https:\/\/api.w.org\/{rel}","templated":true}]}}