{"id":889,"date":"2019-08-10T14:06:05","date_gmt":"2019-08-10T12:06:05","guid":{"rendered":"http:\/\/bezpiecznapolka.pl\/?page_id=889"},"modified":"2019-08-11T00:47:20","modified_gmt":"2019-08-10T22:47:20","slug":"regulamin-szkolenia","status":"publish","type":"page","link":"https:\/\/bezpiecznapolka.pl\/?page_id=889","title":{"rendered":"Regulamin Szkolenia"},"content":{"rendered":"\t\t<div data-elementor-type=\"wp-page\" data-elementor-id=\"889\" class=\"elementor elementor-889\">\n\t\t\t\t\t\t<section class=\"elementor-section elementor-top-section elementor-element elementor-element-22902d36 elementor-section-boxed elementor-section-height-default elementor-section-height-default\" data-id=\"22902d36\" data-element_type=\"section\">\n\t\t\t\t\t\t<div class=\"elementor-container elementor-column-gap-default\">\n\t\t\t\t\t<div class=\"elementor-column elementor-col-100 elementor-top-column elementor-element elementor-element-43cc0ce1\" data-id=\"43cc0ce1\" data-element_type=\"column\">\n\t\t\t<div class=\"elementor-widget-wrap elementor-element-populated\">\n\t\t\t\t\t\t<div class=\"elementor-element elementor-element-4df2c157 elementor-widget elementor-widget-text-editor\" data-id=\"4df2c157\" data-element_type=\"widget\" data-widget_type=\"text-editor.default\">\n\t\t\t\t<div class=\"elementor-widget-container\">\n\t\t\t\t\t\t\t\t\t\n<ol>\n<li>Kursy BEZPIECZNA POLKA s\u0105 prowadzone przez instruktor\u00f3w KRAV MAGA POMORZE jako szko\u0142y walki wr\u0119cz i samoobrony wg izraelskiego, militarnego systemu KRAV MAGA.<\/li>\n<li>Szkolenie prowadzone jest w formie:\n<ol>\n<li>2 dniowego zgrupowania BEZPIECZNA POLKA wg. oddzielnego planu w wymiarze 12 godzin treningowych wraz z wyk\u0142adami;<\/li>\n<li>8 tygodniowego kursu stacjonarnego 1 raz w tygodniu w wymiarze 1,5h ka\u017cdy;<\/li>\n<li>2 dniowego zgrupowania KravCamp 2 razy w roku wg oddzielnego planu;<\/li>\n<li>Trening\u00f3w i konsultacji personalnych;<\/li>\n<\/ol>\n<\/li>\n<li>Zaj\u0119cia odbywaj\u0105 si\u0119 wg ustalonego grafiku<\/li>\n<li>Do\u0142\u0105czenia do grupy szkoleniowej jest mo\u017cliwe po spe\u0142nieniu wszystkich warunk\u00f3w wst\u0119pnych:\n<ol>\n<li>Stan zdrowia pozwalaj\u0105cy na rekreacyjne uprawianie walki wr\u0119cz. Za utajnienie przed lekarzem dopuszczaj\u0105cym do treningu Krav Maga chor\u00f3b maj\u0105cych wp\u0142yw na bezpiecze\u0144stwo \u0107wicz\u0105cego, w razie wypadku win\u0119 ponosi uczestnik (w przypadku os\u00f3b niepe\u0142noletnich \u2013 rodzic\/opiekun). Uczestnictwo w zaj\u0119ciach jest r\u00f3wnoznaczne ze zrobieniem i posiadaniem aktualnych bada\u0144.<\/li>\n<li>Udzielenia zgody podmiotowi obs\u0142uguj\u0105cemu BEZPIECZN\u0104 POLK\u0118, na przetwarzanie danych osobowych w zakresie prowadzenia ewidencji i organizacji szkolenia oraz wysy\u0142ania informacji drog\u0105 elektroniczn\u0105 oraz kontaktowania si\u0119 przez urz\u0105dzenia GSM. Uczestnik ma prawo edytowa\u0107 lub usun\u0105\u0107 podane dane osobowe w ka\u017cdej chwili;<\/li>\n<\/ol>\n<\/li>\n<li>Rezerwacja i op\u0142acenie miejsca na Kursie jest potwierdzeniem akceptacji Regulaminu Szkolenia.<\/li>\n<li>Zaj\u0119cia s\u0105 odp\u0142atne wg ustalonego cennika. P\u0142atno\u015bci winny by\u0107 dokonane do maksymalnie 21 dni przed planowanym rozpocz\u0119ciem Kursu. W razie rezygnacji po tym terminie, op\u0142ata nie b\u0119dzie zwracana, za\u015b przed tym terminem nast\u0105pi zwrot wp\u0142aconej kwoty pomniejszony o koszty manipulacyjne w wysoko\u015bci 10z\u0142.<\/li>\n<li>Uczestnik zaj\u0119\u0107 \u0107wiczy na w\u0142asn\u0105 odpowiedzialno\u015b\u0107 i o\u015bwiadcza, \u017ce nie ma przeciwwskaza\u0144 zdrowotnych do\u00a0wykonywania \u0107wicze\u0144 fizycznych oraz posiada za\u015bwiadczenie lekarza o braku przeciwwskaza\u0144 do uczestnictwa w zaj\u0119ciach samoobrony.<\/li>\n<li>Na zaj\u0119ciach obowi\u0105zuje str\u00f3j sportowy, mi\u0119kkie obuwie sportowe oraz zakaz \u017cucia gumy oraz nale\u017cy zdj\u0105\u0107 bi\u017cuteri\u0119 i zwi\u0105za\u0107 d\u0142ugie w\u0142osy.<\/li>\n<li>W przypadku z\u0142ego samopoczucia, uraz\u00f3w, kontuzji, wszelkich powa\u017cnych problem\u00f3w zdrowotnych oraz ci\u0105\u017cy, nale\u017cy poinformowa\u0107 instruktora przed zaj\u0119ciami (ewentualnie po stwierdzeniu ich wyst\u0105pienia w trakcie zaj\u0119\u0107).<\/li>\n<li>Na zaj\u0119ciach obowi\u0105zuje zasada zg\u0142aszania instruktorom ka\u017cdorazowego opuszczenia sali \u0107wicze\u0144 i meldowania powrotu.<\/li>\n<li>Ze wzgl\u0119du na specyfik\u0119 zaj\u0119\u0107 nale\u017cy zwraca\u0107 szczeg\u00f3ln\u0105 uwag\u0119 na bezpiecze\u0144stwo w\u0142asne oraz pozosta\u0142ych uczestnik\u00f3w i stosowa\u0107 si\u0119 do zalece\u0144 instruktor\u00f3w.<\/li>\n<li>W przypadku kradzie\u017cy, zgubienia lub zniszczenia rzeczy osobistych uczestnika zaj\u0119\u0107, prowadz\u0105cy nie ponosz\u0105 za nie odpowiedzialno\u015bci.<\/li>\n<li>Uczestnik zaj\u0119\u0107 ma obowi\u0105zek dba\u0107 o sprz\u0119t i infrastruktur\u0119 obiektu, z kt\u00f3rego korzysta i u\u017cywa\u0107 go zgodnie z jego przeznaczeniem.<\/li>\n<li>Organizator zastrzega sobie prawo do odwo\u0142ania zaj\u0119\u0107 z przyczyn niezale\u017cnych od niego. W tym przypadku nast\u0105pi zwrot pe\u0142nej op\u0142aty wniesionej przez uczestniczk\u0119 kursu. szko\u0142a).<\/li>\n<\/ol>\n\n<p>\u00a0<\/p>\n\t\t\t\t\t\t\t\t<\/div>\n\t\t\t\t<\/div>\n\t\t\t\t\t<\/div>\n\t\t<\/div>\n\t\t\t\t\t<\/div>\n\t\t<\/section>\n\t\t\t\t<\/div>\n\t\t","protected":false},"excerpt":{"rendered":"<p>Kursy BEZPIECZNA POLKA s\u0105 prowadzone przez instruktor\u00f3w KRAV MAGA POMORZE jako szko\u0142y walki wr\u0119cz i samoobrony wg izraelskiego, militarnego systemu KRAV MAGA. Szkolenie prowadzone jest w formie: 2 dniowego zgrupowania BEZPIECZNA POLKA wg. oddzielnego planu w wymiarze 12 godzin treningowych wraz z wyk\u0142adami; 8 tygodniowego kursu stacjonarnego 1 raz w tygodniu w wymiarze 1,5h ka\u017cdy; [&hellip;]<\/p>\n","protected":false},"author":1,"featured_media":0,"parent":0,"menu_order":0,"comment_status":"closed","ping_status":"closed","template":"","meta":{"ocean_post_layout":"","ocean_both_sidebars_style":"","ocean_both_sidebars_content_width":0,"ocean_both_sidebars_sidebars_width":0,"ocean_sidebar":"0","ocean_second_sidebar":"0","ocean_disable_margins":"enable","ocean_add_body_class":"","ocean_shortcode_before_top_bar":"","ocean_shortcode_after_top_bar":"","ocean_shortcode_before_header":"","ocean_shortcode_after_header":"[smartslider3 slider=8]","ocean_has_shortcode":"","ocean_shortcode_after_title":"","ocean_shortcode_before_footer_widgets":"","ocean_shortcode_after_footer_widgets":"","ocean_shortcode_before_footer_bottom":"","ocean_shortcode_after_footer_bottom":"","ocean_display_top_bar":"default","ocean_display_header":"default","ocean_header_style":"","ocean_center_header_left_menu":"0","ocean_custom_header_template":"0","ocean_custom_logo":0,"ocean_custom_retina_logo":0,"ocean_custom_logo_max_width":0,"ocean_custom_logo_tablet_max_width":0,"ocean_custom_logo_mobile_max_width":0,"ocean_custom_logo_max_height":0,"ocean_custom_logo_tablet_max_height":0,"ocean_custom_logo_mobile_max_height":0,"ocean_header_custom_menu":"0","ocean_menu_typo_font_family":"0","ocean_menu_typo_font_subset":"","ocean_menu_typo_font_size":0,"ocean_menu_typo_font_size_tablet":0,"ocean_menu_typo_font_size_mobile":0,"ocean_menu_typo_font_size_unit":"px","ocean_menu_typo_font_weight":"","ocean_menu_typo_font_weight_tablet":"","ocean_menu_typo_font_weight_mobile":"","ocean_menu_typo_transform":"","ocean_menu_typo_transform_tablet":"","ocean_menu_typo_transform_mobile":"","ocean_menu_typo_line_height":0,"ocean_menu_typo_line_height_tablet":0,"ocean_menu_typo_line_height_mobile":0,"ocean_menu_typo_line_height_unit":"","ocean_menu_typo_spacing":0,"ocean_menu_typo_spacing_tablet":0,"ocean_menu_typo_spacing_mobile":0,"ocean_menu_typo_spacing_unit":"","ocean_menu_link_color":"","ocean_menu_link_color_hover":"","ocean_menu_link_color_active":"","ocean_menu_link_background":"","ocean_menu_link_hover_background":"","ocean_menu_link_active_background":"","ocean_menu_social_links_bg":"","ocean_menu_social_hover_links_bg":"","ocean_menu_social_links_color":"","ocean_menu_social_hover_links_color":"","ocean_disable_title":"default","ocean_disable_heading":"default","ocean_post_title":"","ocean_post_subheading":"","ocean_post_title_style":"","ocean_post_title_background_color":"","ocean_post_title_background":0,"ocean_post_title_bg_image_position":"","ocean_post_title_bg_image_attachment":"","ocean_post_title_bg_image_repeat":"","ocean_post_title_bg_image_size":"","ocean_post_title_height":0,"ocean_post_title_bg_overlay":0.5,"ocean_post_title_bg_overlay_color":"","ocean_disable_breadcrumbs":"default","ocean_breadcrumbs_color":"","ocean_breadcrumbs_separator_color":"","ocean_breadcrumbs_links_color":"","ocean_breadcrumbs_links_hover_color":"","ocean_display_footer_widgets":"default","ocean_display_footer_bottom":"default","ocean_custom_footer_template":"0","footnotes":""},"jetpack_sharing_enabled":true,"_links":{"self":[{"href":"https:\/\/bezpiecznapolka.pl\/index.php?rest_route=\/wp\/v2\/pages\/889"}],"collection":[{"href":"https:\/\/bezpiecznapolka.pl\/index.php?rest_route=\/wp\/v2\/pages"}],"about":[{"href":"https:\/\/bezpiecznapolka.pl\/index.php?rest_route=\/wp\/v2\/types\/page"}],"author":[{"embeddable":true,"href":"https:\/\/bezpiecznapolka.pl\/index.php?rest_route=\/wp\/v2\/users\/1"}],"replies":[{"embeddable":true,"href":"https:\/\/bezpiecznapolka.pl\/index.php?rest_route=%2Fwp%2Fv2%2Fcomments&post=889"}],"version-history":[{"count":4,"href":"https:\/\/bezpiecznapolka.pl\/index.php?rest_route=\/wp\/v2\/pages\/889\/revisions"}],"predecessor-version":[{"id":1086,"href":"https:\/\/bezpiecznapolka.pl\/index.php?rest_route=\/wp\/v2\/pages\/889\/revisions\/1086"}],"wp:attachment":[{"href":"https:\/\/bezpiecznapolka.pl\/index.php?rest_route=%2Fwp%2Fv2%2Fmedia&parent=889"}],"curies":[{"name":"wp","href":"https:\/\/api.w.org\/{rel}","templated":true}]}}